{"id":71561,"date":"2025-07-30T18:42:31","date_gmt":"2025-07-30T16:42:31","guid":{"rendered":"https:\/\/medecinosteopathe.org\/doctor-philippe-jouet-osteopata\/"},"modified":"2025-09-02T20:24:57","modified_gmt":"2025-09-02T18:24:57","slug":"doctor-philippe-jouet-osteopata","status":"publish","type":"page","link":"https:\/\/medecinosteopathe.org\/es\/doctor-philippe-jouet-osteopata\/","title":{"rendered":"Doctor Philippe Jouet, osteopata"},"content":{"rendered":"<p>[et_pb_section fb_built=\u00bb1&#8243; _builder_version=\u00bb4.27.4&#8243; _module_preset=\u00bbdefault\u00bb background_image=\u00bbhttps:\/\/medecinosteopathe.org\/wp-content\/uploads\/2025\/03\/bandeau-cabinet-osteopathie.jpg\u00bb global_colors_info=\u00bb{}\u00bb][et_pb_row _builder_version=\u00bb4.27.4&#8243; _module_preset=\u00bbdefault\u00bb background_color=\u00bbrgba(255,255,255,0.79)\u00bb background_image=\u00bbhttps:\/\/medecinosteopathe.org\/wp-content\/uploads\/2025\/03\/saas-landing-45-yrw-4.webp\u00bb global_colors_info=\u00bb{}\u00bb][et_pb_column type=\u00bb4_4&#8243; _builder_version=\u00bb4.27.4&#8243; _module_preset=\u00bbdefault\u00bb global_colors_info=\u00bb{}\u00bb][et_pb_text _builder_version=\u00bb4.27.4&#8243; _module_preset=\u00bbdefault\u00bb text_orientation=\u00bbcenter\u00bb global_colors_info=\u00bb{}\u00bb]<\/p>\n<h1>Doctor Philippe Jouet<\/h1>\n<p>[\/et_pb_text][\/et_pb_column][\/et_pb_row][\/et_pb_section][et_pb_section fb_built=\u00bb1&#8243; custom_padding_last_edited=\u00bbon|phone\u00bb _builder_version=\u00bb4.27.4&#8243; _module_preset=\u00bbdefault\u00bb custom_margin_tablet=\u00bb\u00bb custom_margin_phone=\u00bb\u00bb custom_margin_last_edited=\u00bbon|phone\u00bb custom_padding=\u00bb20px||||false|false\u00bb custom_padding_tablet=\u00bb20px||||false|false\u00bb custom_padding_phone=\u00bb0px||||false|false\u00bb global_colors_info=\u00bb{}\u00bb][et_pb_row column_structure=\u00bb2_5,3_5&#8243; use_custom_gutter=\u00bbon\u00bb gutter_width=\u00bb1&#8243; _builder_version=\u00bb4.27.4&#8243; _module_preset=\u00bbdefault\u00bb width=\u00bb95%\u00bb custom_padding=\u00bb54px|||||\u00bb global_colors_info=\u00bb{}\u00bb][et_pb_column type=\u00bb2_5&#8243; _builder_version=\u00bb4.27.4&#8243; _module_preset=\u00bbdefault\u00bb global_colors_info=\u00bb{}\u00bb][et_pb_image src=\u00bbhttps:\/\/medecinosteopathe.org\/wp-content\/uploads\/2025\/03\/philbureau2-336&#215;288-1.jpg\u00bb alt=\u00bbDr jouet en su consultorio m\u00e9dico\u00bb title_text=\u00bbdr-jouet\u00bb align=\u00bbcenter\u00bb force_fullwidth=\u00bbon\u00bb _builder_version=\u00bb4.27.4&#8243; _module_preset=\u00bbdefault\u00bb custom_margin=\u00bb36px|||||\u00bb global_colors_info=\u00bb{}\u00bb][\/et_pb_image][\/et_pb_column][et_pb_column type=\u00bb3_5&#8243; _builder_version=\u00bb4.27.4&#8243; _module_preset=\u00bbdefault\u00bb global_colors_info=\u00bb{}\u00bb][et_pb_text _builder_version=\u00bb4.27.4&#8243; _module_preset=\u00bbdefault\u00bb background_enable_color=\u00bboff\u00bb background_image=\u00bbhttps:\/\/medecinosteopathe.org\/wp-content\/uploads\/2025\/03\/saas-landing-45-yrw-4.webp\u00bb custom_margin=\u00bb|||-40px|false|false\u00bb custom_margin_tablet=\u00bb|||-40px|false|false\u00bb custom_margin_phone=\u00bb|||0px|false|false\u00bb custom_margin_last_edited=\u00bbon|phone\u00bb custom_padding=\u00bb|31px||65px|false|false\u00bb custom_padding_tablet=\u00bb|50px||50px|false|true\u00bb custom_padding_phone=\u00bb17px|5px||5px|false|true\u00bb custom_padding_last_edited=\u00bbon|phone\u00bb hover_enabled=\u00bb0&#8243; global_colors_info=\u00bb{}\u00bb sticky_enabled=\u00bb0&#8243;]<\/p>\n<h2 align=\"justify\">Medico osteopata en Hendaia<\/h2>\n<p>Practicando osteopat\u00eda \u2013 medicina manual durante 36 a\u00f1os.<\/p>\n<p>Como m\u00e9dico, estoy muy comprometido en mi enfoque a identificar la consecuencia (el diagn\u00f3stico) y a buscar la causa (la disfunci\u00f3n).<br \/>La dimensi\u00f3n emocional incluida.<\/p>\n<h3>T\u00edtulos:<\/h3>\n<p>Doctor in medicina (colegiado) 1989. Thesis publicacion internacional.<\/p>\n<ul>\n<li id=\"tw-target-text\" class=\"tw-data-text tw-text-large tw-ta\" dir=\"ltr\" data-placeholder=\"Traduction\"><span class=\"Y2IQFc\" lang=\"fr\">Diploma interuniversitario en Medicina Ortop\u00e9dica Manual (Facultad de Medicina Burdeos II)<\/span><\/li>\n<li class=\"tw-data-text tw-text-large tw-ta\" dir=\"ltr\" data-placeholder=\"Traduction\"><span class=\"Y2IQFc\" lang=\"fr\">DU Patologia de la coluna (Facultad de medicina de Bordeos II)<\/span><\/li>\n<li class=\"tw-data-text tw-text-large tw-ta\" dir=\"ltr\" data-placeholder=\"Traduction\"><span class=\"Y2IQFc\" lang=\"fr\">DU Patologias del ombro y del codo (Facultad de medicina de Paris XII)<\/span><\/li>\n<li class=\"tw-data-text tw-text-large tw-ta\" dir=\"ltr\" data-placeholder=\"Traduction\"><span class=\"Y2IQFc\" lang=\"fr\">DIU Pathologias del tobillo y del pie (Facultad de medicina de Paris V)<\/span><\/li>\n<li class=\"tw-data-text tw-text-large tw-ta\" dir=\"ltr\" data-placeholder=\"Traduction\"><span class=\"Y2IQFc\" lang=\"fr\">DIU Ultrasonidos del sistema musculoesquel\u00e9tico (Facultad de medicina de Par\u00eds V)<\/span><\/li>\n<li class=\"tw-data-text tw-text-large tw-ta\" dir=\"ltr\" data-placeholder=\"Traduction\">DIU Ecograf\u00eda general (Facultad de Medicina Paris V)<span class=\"Y2IQFc\" lang=\"fr\"><\/span><\/li>\n<li dir=\"ltr\" data-placeholder=\"Traduction\">D.O. Ost\u00e9opata<\/li>\n<\/ul>\n<h3>Otras actividades:<\/h3>\n<ul>\n<li class=\"tw-data-text tw-text-large tw-ta\" dir=\"ltr\" data-placeholder=\"Traduction\"><span class=\"Y2IQFc\" lang=\"fr\">Presidente de la <a href=\"https:\/\/www.sfmcp.com\/\" target=\"_blank\" rel=\"noopener noreferrer\">SFMCP<\/a> \u2013 Sociedad Francesa de Medicina y Cirug\u00eda del Pie<\/span><\/li>\n<li class=\"tw-data-text tw-text-large tw-ta\" dir=\"ltr\" data-placeholder=\"Traduction\"><span class=\"Y2IQFc\" lang=\"fr\">Profesor en el colegio de osteop\u00e1tia del Pa\u00eds Vasco (<a href=\"https:\/\/college-osteopathie.com\/\">COPB<\/a>)<\/span><\/li>\n<li class=\"tw-data-text tw-text-large tw-ta\" dir=\"ltr\" data-placeholder=\"Traduction\"><span class=\"Y2IQFc\" lang=\"fr\">Miembro de la Sociedad Francesa de Imagenolog\u00eda Musculoesquel\u00e9tica (SIMS)<\/span><\/li>\n<li class=\"tw-data-text tw-text-large tw-ta\" dir=\"ltr\" data-placeholder=\"Traduction\"><span class=\"Y2IQFc\" lang=\"fr\">Miembro del sindicato de M\u00e9dicos en medicina manual osteop\u00e1tica francesa<\/span><\/li>\n<li class=\"tw-data-text tw-text-large tw-ta\" dir=\"ltr\" data-placeholder=\"Traduction\"><span class=\"Y2IQFc\" lang=\"fr\">Profesor en el grupo de ense\u00f1anza de medicina manual para m\u00e9dicos (GEMA)<\/span><\/li>\n<\/ul>\n<p>Consultas para todo tipo de patolog\u00eda relacionada con quejas osteoarticulares, musculares, columna vertebral, etc.<\/p>\n<p>[\/et_pb_text][\/et_pb_column][\/et_pb_row][et_pb_row _builder_version=\u00bb4.27.4&#8243; _module_preset=\u00bbdefault\u00bb global_colors_info=\u00bb{}\u00bb][et_pb_column type=\u00bb4_4&#8243; _builder_version=\u00bb4.27.4&#8243; _module_preset=\u00bbdefault\u00bb global_colors_info=\u00bb{}\u00bb][et_pb_text _builder_version=\u00bb4.27.4&#8243; _module_preset=\u00bbdefault\u00bb custom_margin=\u00bb||2px|||\u00bb global_colors_info=\u00bb{}\u00bb]<\/p>\n<h2>Competencias espec\u00edficas<\/h2>\n<p>&nbsp;<\/p>\n<p>[\/et_pb_text][et_pb_text _builder_version=\u00bb4.27.4&#8243; _module_preset=\u00bbdefault\u00bb global_colors_info=\u00bb{}\u00bb]<\/p>\n<p>El doctor Jouet tiene una especializaci\u00f3n espec\u00edfica en problemas relacionados con el pie y el tobillo y, en general, con el aparato locomotor.<\/p>\n<p>Titular de un diploma en ecograf\u00eda general, puede basar su diagn\u00f3stico en ecograf\u00edas osteoarticulares.<\/p>\n<p>[\/et_pb_text][\/et_pb_column][\/et_pb_row][\/et_pb_section]<\/p>\n","protected":false},"excerpt":{"rendered":"<p>Doctor Philippe JouetMedico osteopata en Hendaia Practicando osteopat\u00eda \u2013 medicina manual durante 36 a\u00f1os. Como m\u00e9dico, estoy muy comprometido en mi enfoque a identificar la consecuencia (el diagn\u00f3stico) y a buscar la causa (la disfunci\u00f3n).La dimensi\u00f3n emocional incluida. T\u00edtulos: Doctor in medicina (colegiado) 1989. Thesis publicacion internacional. Diploma interuniversitario en Medicina Ortop\u00e9dica Manual (Facultad de [&hellip;]<\/p>\n","protected":false},"author":1,"featured_media":0,"parent":0,"menu_order":0,"comment_status":"closed","ping_status":"closed","template":"","meta":{"_seopress_robots_primary_cat":"","_seopress_titles_title":"","_seopress_titles_desc":"","_seopress_robots_index":"","_et_pb_use_builder":"on","_et_pb_old_content":"","_et_gb_content_width":"","footnotes":""},"class_list":["post-71561","page","type-page","status-publish","hentry"],"_links":{"self":[{"href":"https:\/\/medecinosteopathe.org\/es\/wp-json\/wp\/v2\/pages\/71561","targetHints":{"allow":["GET"]}}],"collection":[{"href":"https:\/\/medecinosteopathe.org\/es\/wp-json\/wp\/v2\/pages"}],"about":[{"href":"https:\/\/medecinosteopathe.org\/es\/wp-json\/wp\/v2\/types\/page"}],"author":[{"embeddable":true,"href":"https:\/\/medecinosteopathe.org\/es\/wp-json\/wp\/v2\/users\/1"}],"replies":[{"embeddable":true,"href":"https:\/\/medecinosteopathe.org\/es\/wp-json\/wp\/v2\/comments?post=71561"}],"version-history":[{"count":3,"href":"https:\/\/medecinosteopathe.org\/es\/wp-json\/wp\/v2\/pages\/71561\/revisions"}],"predecessor-version":[{"id":71644,"href":"https:\/\/medecinosteopathe.org\/es\/wp-json\/wp\/v2\/pages\/71561\/revisions\/71644"}],"wp:attachment":[{"href":"https:\/\/medecinosteopathe.org\/es\/wp-json\/wp\/v2\/media?parent=71561"}],"curies":[{"name":"wp","href":"https:\/\/api.w.org\/{rel}","templated":true}]}}