{"id":71567,"date":"2025-07-30T16:00:00","date_gmt":"2025-07-30T14:00:00","guid":{"rendered":"https:\/\/medecinosteopathe.org\/acceso\/"},"modified":"2025-08-19T00:59:49","modified_gmt":"2025-08-18T22:59:49","slug":"acceso","status":"publish","type":"page","link":"https:\/\/medecinosteopathe.org\/es\/acceso\/","title":{"rendered":"Acceso"},"content":{"rendered":"<p>[et_pb_section fb_built=\u00bb1&#8243; _builder_version=\u00bb4.27.4&#8243; _module_preset=\u00bbdefault\u00bb background_image=\u00bbhttps:\/\/medecinosteopathe.org\/wp-content\/uploads\/2025\/03\/bandeau-cabinet-osteopathie.jpg\u00bb global_colors_info=\u00bb{}\u00bb][et_pb_row _builder_version=\u00bb4.27.4&#8243; _module_preset=\u00bbdefault\u00bb background_color=\u00bb#FFFFFF\u00bb background_image=\u00bbhttps:\/\/medecinosteopathe.org\/wp-content\/uploads\/2025\/03\/saas-landing-45-yrw-4.webp\u00bb global_colors_info=\u00bb{}\u00bb][et_pb_column type=\u00bb4_4&#8243; _builder_version=\u00bb4.27.4&#8243; _module_preset=\u00bbdefault\u00bb global_colors_info=\u00bb{}\u00bb][et_pb_text _builder_version=\u00bb4.27.4&#8243; _module_preset=\u00bbdefault\u00bb text_orientation=\u00bbcenter\u00bb global_colors_info=\u00bb{}\u00bb]<\/p>\n<h1>Situaci\u00f3n &#8211; Acceso al consultorio de Osteopat\u00eda<\/h1>\n<p>[\/et_pb_text][\/et_pb_column][\/et_pb_row][\/et_pb_section][et_pb_section fb_built=\u00bb1&#8243; _builder_version=\u00bb4.27.4&#8243; _module_preset=\u00bbdefault\u00bb global_colors_info=\u00bb{}\u00bb][et_pb_row _builder_version=\u00bb4.27.4&#8243; _module_preset=\u00bbdefault\u00bb custom_padding=\u00bb||49px|||\u00bb global_colors_info=\u00bb{}\u00bb][et_pb_column type=\u00bb4_4&#8243; _builder_version=\u00bb4.27.4&#8243; _module_preset=\u00bbdefault\u00bb global_colors_info=\u00bb{}\u00bb][et_pb_text _builder_version=\u00bb4.27.4&#8243; _module_preset=\u00bbdefault\u00bb global_colors_info=\u00bb{}\u00bb]<\/p>\n<h2><span>\u00bfD\u00f3nde se encuentra el consultorio de osteopat\u00eda en Hendaya?<\/span><\/h2>\n<p><span>La consulta de osteopat\u00eda se encuentra en Hendaya, en el centro de la ciudad, frente al supermercado Carrefour Market, cerca del Cine de Hendaya Ville.<\/span><\/p>\n<p><span>Direcci\u00f3n: <strong>15 avenue les All\u00e9es, Hendaya<\/strong>, Francia<\/span><\/p>\n<p>[\/et_pb_text][et_pb_image src=\u00bbhttps:\/\/medecinosteopathe.org\/wp-content\/uploads\/2025\/07\/Situation-cabinet-osteopathe-hendaye.jpg\u00bb alt=\u00bbMapa de ubicaci\u00f3n del consultorio de osteopat\u00eda en Hendaya del Dr. Jouet\u00bb title_text=\u00bbUbicaci\u00f3n-consultorio-osteopata-hendaya\u00bb url=\u00bbhttps:\/\/maps.app.goo.gl\/te2SGdDMM3F43i6K9&#8243; _builder_version=\u00bb4.27.4&#8243; _module_preset=\u00bbdefault\u00bb global_colors_info=\u00bb{}\u00bb][\/et_pb_image][\/et_pb_column][\/et_pb_row][et_pb_row column_structure=\u00bb1_2,1_2&#8243; _builder_version=\u00bb4.27.4&#8243; _module_preset=\u00bbdefault\u00bb global_colors_info=\u00bb{}\u00bb][et_pb_column type=\u00bb1_2&#8243; _builder_version=\u00bb4.27.4&#8243; _module_preset=\u00bbdefault\u00bb global_colors_info=\u00bb{}\u00bb][et_pb_blurb title=\u00bbAparcamiento de pago en la calle\u00bb use_icon=\u00bbon\u00bb font_icon=\u00bb&#xf540;||fa||900&#8243; icon_color=\u00bbgcid-a454a7b0-5563-4edd-b2ef-08bafbcd96ea\u00bb content_max_width=\u00bb300px\u00bb _builder_version=\u00bb4.27.4&#8243; _module_preset=\u00bbdefault\u00bb text_orientation=\u00bbcenter\u00bb custom_margin=\u00bb|70px||70px|false|true\u00bb custom_padding=\u00bb24px||24px||true|false\u00bb border_radii=\u00bbon|22px|22px|22px|22px\u00bb border_width_all=\u00bb1px\u00bb border_color_all=\u00bbgcid-a454a7b0-5563-4edd-b2ef-08bafbcd96ea\u00bb locked=\u00bboff\u00bb global_colors_info=\u00bb{%22gcid-a454a7b0-5563-4edd-b2ef-08bafbcd96ea%22:%91%22icon_color%22,%22border_color_all%22%93}\u00bb][\/et_pb_blurb][\/et_pb_column][et_pb_column type=\u00bb1_2&#8243; _builder_version=\u00bb4.27.4&#8243; _module_preset=\u00bbdefault\u00bb global_colors_info=\u00bb{}\u00bb][et_pb_blurb title=\u00bbAcceso para discapacitados\u00bb use_icon=\u00bbon\u00bb font_icon=\u00bb&#xf193;||fa||900&#8243; icon_color=\u00bbgcid-a454a7b0-5563-4edd-b2ef-08bafbcd96ea\u00bb content_max_width=\u00bb300px\u00bb _builder_version=\u00bb4.27.4&#8243; _module_preset=\u00bbdefault\u00bb text_orientation=\u00bbcenter\u00bb custom_margin=\u00bb|70px||70px|false|true\u00bb custom_padding=\u00bb24px||24px||true|false\u00bb border_radii=\u00bbon|22px|22px|22px|22px\u00bb border_width_all=\u00bb1px\u00bb border_color_all=\u00bbgcid-a454a7b0-5563-4edd-b2ef-08bafbcd96ea\u00bb global_colors_info=\u00bb{%22gcid-a454a7b0-5563-4edd-b2ef-08bafbcd96ea%22:%91%22icon_color%22,%22border_color_all%22%93}\u00bb][\/et_pb_blurb][\/et_pb_column][\/et_pb_row][et_pb_row _builder_version=\u00bb4.27.4&#8243; _module_preset=\u00bbdefault\u00bb global_colors_info=\u00bb{}\u00bb][et_pb_column type=\u00bb4_4&#8243; _builder_version=\u00bb4.27.4&#8243; _module_preset=\u00bbdefault\u00bb global_colors_info=\u00bb{}\u00bb][et_pb_text _builder_version=\u00bb4.27.4&#8243; _module_preset=\u00bbdefault\u00bb global_colors_info=\u00bb{}\u00bb]<\/p>\n<p>\u00bfC\u00f3mo llegar a la consulta de osteopat\u00eda del Dr. Philippe Jouet en Hendaya?<\/p>\n<p>Para ubicar en un plano<span> <\/span><a href=\"https:\/\/g.page\/dr-jouet-osteopathe?share\" target=\"_blank\" rel=\"noopener\">el consultorio de osteopat\u00eda<\/a><\/p>\n<p>Descargar el enlace desde la rotonda de B\u00e9hobie \u2013 Urrugne en <span> <\/span><a href=\"https:\/\/www.google.com\/maps\/dir\/43.3456217,-1.7624953\/15+Av.+des+All%C3%A9es,+Hendaye\/@43.3506616,-1.7737181,16z\/am=t\/data=!3m1!4b1!4m11!4m10!1m0!1m5!1m1!1s0xd51091f92659575:0xc36a3e8a00f1d843!2m2!1d-1.7741098!2d43.3557676!2m1!4e2!3e0\" target=\"_blank\" rel=\"noopener\">Google map<\/a><\/p>\n<p><strong>Llegando por :<\/strong><\/p>\n<p>\u2013 La autopista : salir in la salida n\u00b01 \u00ab Hendaye \u00bb (a mano derecha), despues el puente de la autopista sobre el Bidasoa, justo antes el peaje. Seguir direccion \u00ab Centre Ville \u00bb Hendaye. <strong><\/strong><\/p>\n<p>\u2013 La nacional 1 : seguir direccion \u00ab Centre Ville \u00bb Hendaye desde Behobia o el puente Santiago. Pase por delante de la estaci\u00f3n y suba recto por la calle de la estaci\u00f3n, manteni\u00e9ndose a la derecha de la v\u00eda f\u00e9rrea.Gire en la primera calle a la derecha. Contin\u00fae hasta el Carrefour Market, la consulta de osteopat\u00eda est\u00e1 enfrente. <\/p>\n<p>&#8211; Topo : subir la calle \u00bb rue du commerce \u00bb de frente de la salida del topo, al llegar a lo alto girar a la izquierda en la rotonda (7 mn de la salida del topo). Tourner au rond point \u00e0 gauche <\/p>\n<p>&nbsp;<\/p>\n<p>[\/et_pb_text][et_pb_text _builder_version=\u00bb4.27.4&#8243; _module_preset=\u00bbdefault\u00bb global_colors_info=\u00bb{}\u00bb]<\/p>\n<p>En caso de necesidad, contacte con: drjouet@gmail.com<br \/>Tenga en cuenta que los mensajes no se leen en tiempo real y que no es una forma d \u201cobtener informaci\u00f3n de car\u00e1cter m\u00e9dico.\u201d<br \/>Se desaconseja encarecidamente incluir informaci\u00f3n de car\u00e1cter privado.<\/p>\n<p>En caso de urgencia, contacte con el 112<\/p>\n<p>[\/et_pb_text][\/et_pb_column][\/et_pb_row][\/et_pb_section]<\/p>\n","protected":false},"excerpt":{"rendered":"<p>Situaci\u00f3n &#8211; Acceso al consultorio de Osteopat\u00eda\u00bfD\u00f3nde se encuentra el consultorio de osteopat\u00eda en Hendaya? La consulta de osteopat\u00eda se encuentra en Hendaya, en el centro de la ciudad, frente al supermercado Carrefour Market, cerca del Cine de Hendaya Ville. Direcci\u00f3n: 15 avenue les All\u00e9es, Hendaya, Francia\u00bfC\u00f3mo llegar a la consulta de osteopat\u00eda del Dr. [&hellip;]<\/p>\n","protected":false},"author":1,"featured_media":0,"parent":0,"menu_order":0,"comment_status":"closed","ping_status":"closed","template":"","meta":{"_seopress_robots_primary_cat":"","_seopress_titles_title":"","_seopress_titles_desc":"","_seopress_robots_index":"","_et_pb_use_builder":"on","_et_pb_old_content":"","_et_gb_content_width":"","footnotes":""},"class_list":["post-71567","page","type-page","status-publish","hentry"],"_links":{"self":[{"href":"https:\/\/medecinosteopathe.org\/es\/wp-json\/wp\/v2\/pages\/71567","targetHints":{"allow":["GET"]}}],"collection":[{"href":"https:\/\/medecinosteopathe.org\/es\/wp-json\/wp\/v2\/pages"}],"about":[{"href":"https:\/\/medecinosteopathe.org\/es\/wp-json\/wp\/v2\/types\/page"}],"author":[{"embeddable":true,"href":"https:\/\/medecinosteopathe.org\/es\/wp-json\/wp\/v2\/users\/1"}],"replies":[{"embeddable":true,"href":"https:\/\/medecinosteopathe.org\/es\/wp-json\/wp\/v2\/comments?post=71567"}],"version-history":[{"count":3,"href":"https:\/\/medecinosteopathe.org\/es\/wp-json\/wp\/v2\/pages\/71567\/revisions"}],"predecessor-version":[{"id":71576,"href":"https:\/\/medecinosteopathe.org\/es\/wp-json\/wp\/v2\/pages\/71567\/revisions\/71576"}],"wp:attachment":[{"href":"https:\/\/medecinosteopathe.org\/es\/wp-json\/wp\/v2\/media?parent=71567"}],"curies":[{"name":"wp","href":"https:\/\/api.w.org\/{rel}","templated":true}]}}