{"id":71577,"date":"2025-07-30T16:00:37","date_gmt":"2025-07-30T14:00:37","guid":{"rendered":"https:\/\/medecinosteopathe.org\/pedir-una-cita-con-un-osteopata-en-hendaya\/"},"modified":"2025-10-13T17:40:37","modified_gmt":"2025-10-13T15:40:37","slug":"pedir-una-cita-con-un-osteopata-en-hendaya","status":"publish","type":"page","link":"https:\/\/medecinosteopathe.org\/es\/pedir-una-cita-con-un-osteopata-en-hendaya\/","title":{"rendered":"Pedir una cita con un oste\u00f3pata en Hendaya"},"content":{"rendered":"<p>[et_pb_section fb_built=\u00bb1&#8243; _builder_version=\u00bb4.27.4&#8243; _module_preset=\u00bbdefault\u00bb background_image=\u00bbhttps:\/\/medecinosteopathe.org\/wp-content\/uploads\/2025\/03\/bandeau-cabinet-osteopathie.jpg\u00bb global_colors_info=\u00bb{}\u00bb][et_pb_row _builder_version=\u00bb4.27.4&#8243; _module_preset=\u00bbdefault\u00bb background_color=\u00bbrgba(255,255,255,0.79)\u00bb background_image=\u00bbhttps:\/\/medecinosteopathe.org\/wp-content\/uploads\/2025\/03\/saas-landing-45-yrw-4.webp\u00bb global_colors_info=\u00bb{}\u00bb][et_pb_column type=\u00bb4_4&#8243; _builder_version=\u00bb4.27.4&#8243; _module_preset=\u00bbdefault\u00bb global_colors_info=\u00bb{}\u00bb][et_pb_text _builder_version=\u00bb4.27.4&#8243; _module_preset=\u00bbdefault\u00bb text_orientation=\u00bbcenter\u00bb global_colors_info=\u00bb{}\u00bb]<\/p>\n<h1>Pedir una cita con un oste\u00f3pata &#8211; m\u00e9dico<\/h1>\n<p>[\/et_pb_text][\/et_pb_column][\/et_pb_row][\/et_pb_section][et_pb_section fb_built=\u00bb1&#8243; _builder_version=\u00bb4.27.4&#8243; _module_preset=\u00bbdefault\u00bb global_colors_info=\u00bb{}\u00bb][et_pb_row _builder_version=\u00bb4.27.4&#8243; _module_preset=\u00bbdefault\u00bb global_colors_info=\u00bb{}\u00bb][et_pb_column type=\u00bb4_4&#8243; _builder_version=\u00bb4.27.4&#8243; _module_preset=\u00bbdefault\u00bb global_colors_info=\u00bb{}\u00bb][et_pb_text _builder_version=\u00bb4.27.4&#8243; _module_preset=\u00bbdefault\u00bb global_colors_info=\u00bb{}\u00bb]<\/p>\n<h2>Coger cita previa por internet de osteopat\u00eda en Hendaya<\/h2>\n<p>[\/et_pb_text][et_pb_text _builder_version=\u00bb4.27.4&#8243; _module_preset=\u00bbdefault\u00bb global_colors_info=\u00bb{}\u00bb]<\/p>\n<p><strong>El doctor Philippe Jouet atiende exclusivamente con cita previa.<\/strong> Tenga en cuenta que solo practica osteopat\u00eda y tratamientos osteoarticulares, y no ejerce la medicina general. <\/p>\n<p>Hay citas disponibles todos los d\u00edas para urgencias. Si no encuentra ninguna cita disponible, llame al <a href=\"tel:+33559204033\">+33 5 59 20 40 33.<\/a><\/p>\n<p>[\/et_pb_text][et_pb_text _builder_version=\u00bb4.27.4&#8243; _module_preset=\u00bbdefault\u00bb hover_enabled=\u00bb0&#8243; global_colors_info=\u00bb{}\u00bb sticky_enabled=\u00bb0&#8243;]<\/p>\n<div class=\"tbk-frontend\" id=\"tbk-frontend-6bbb\" data-view=\"monthly\" data-services=\"\" data-providers=\"2\" data-readonly=\"false\" data-loggedonly=\"false\" data-max-upcoming=\"0\" data-default-upcoming=\"4\" data-show-more-upcoming=\"false\">\n<div class=\"tbk-inner-content\"><\/div>\n<\/div>\n<p>[\/et_pb_text][et_pb_text _builder_version=\u00bb4.21.0&#8243; _module_preset=\u00bbdefault\u00bb text_font_size=\u00bb14px\u00bb text_line_height=\u00bb1.5em\u00bb global_colors_info=\u00bb{}\u00bb]<\/p>\n<p><strong>Importante<\/strong>: La recopilaci\u00f3n de la informaci\u00f3n solicitada es necesaria para tramitar su solicitud. Sus datos personales son confidenciales y solo se utilizan para concertar la cita y enviarle un recordatorio a la direcci\u00f3n de correo electr\u00f3nico que nos ha facilitado.<br \/>La informaci\u00f3n recopilada est\u00e1 destinada exclusivamente al m\u00e9dico consultado y en ning\u00fan caso se comunicar\u00e1 a terceros ni se utilizar\u00e1 con fines comerciales.<\/p>\n<p>Se conservan durante el tiempo necesario para concertar la cita y enviar el recordatorio el d\u00eda antes de la cita, y se eliminar\u00e1n por completo a m\u00e1s tardar seis meses despu\u00e9s de la cita.<\/p>\n<p>Puede ejercer en cualquier momento sus derechos de informaci\u00f3n, oposici\u00f3n o modificaci\u00f3n enviando una solicitud a: drjouet@gmail.com<\/p>\n<p>Para m\u00e1s informaci\u00f3n, consulte<a href=\"https:\/\/medecinosteopathe.org\/es\/menciones-legales\/\" target=\"_blank\" rel=\"noopener\"> nuestras Condiciones generales de uso y nuestra Pol\u00edtica de privacidad<\/a>.<\/p>\n<p>[\/et_pb_text][et_pb_toggle title=\u00bbInstrucciones para pedir cita. Haga clic aqu\u00ed\u00bb use_icon_font_size=\u00bbon\u00bb icon_font_size=\u00bb39px\u00bb open_icon_color=\u00bb#f78300&#8243; _builder_version=\u00bb4.27.4&#8243; _module_preset=\u00bbdefault\u00bb closed_title_font_size=\u00bb18px\u00bb global_colors_info=\u00bb{}\u00bb]<\/p>\n<ol>\n<li>Los d\u00edas con citas disponibles se indican en verde. El n\u00famero de citas se indica en la pastilla de color Puede desplazarse con las flechas para pasar al mes siguiente.<\/li>\n<li>Haga clic en el d\u00eda seleccionado, apareceran las horas de cita disponibles.<\/li>\n<li>Elija la hora y haga \u00ab clic \u00bb en la misma.<\/li>\n<li>Introduzca el primer apelido, y luego el segundo apelido, correo electr\u00f3nico y<strong><span> <\/span>tel\u00e9fono en formato internacional (sin 0) , cambiar el prefijo si es necesario<\/strong><span> <\/span><\/li>\n<li>Usted recibir\u00e1 un correo electr\u00f3nico de confirmaci\u00f3n (recuerde revisar su correo no deseado)<\/li>\n<li>Es possible de cancelar <strong>mediante el enlace que est\u00e1 presente en el correo electr\u00f3nico de confirmaci\u00f3n<\/strong> de la cita.<\/li>\n<\/ol>\n<p>[\/et_pb_toggle][\/et_pb_column][\/et_pb_row][\/et_pb_section]<\/p>\n","protected":false},"excerpt":{"rendered":"<p>Pedir una cita con un oste\u00f3pata &#8211; m\u00e9dicoCoger cita previa por internet de osteopat\u00eda en HendayaEl doctor Philippe Jouet atiende exclusivamente con cita previa. Tenga en cuenta que solo practica osteopat\u00eda y tratamientos osteoarticulares, y no ejerce la medicina general. Hay citas disponibles todos los d\u00edas para urgencias. Si no encuentra ninguna cita disponible, llame [&hellip;]<\/p>\n","protected":false},"author":1,"featured_media":0,"parent":0,"menu_order":0,"comment_status":"closed","ping_status":"closed","template":"","meta":{"_seopress_robots_primary_cat":"","_seopress_titles_title":"","_seopress_titles_desc":"","_seopress_robots_index":"","_et_pb_use_builder":"on","_et_pb_old_content":"","_et_gb_content_width":"","footnotes":""},"class_list":["post-71577","page","type-page","status-publish","hentry"],"_links":{"self":[{"href":"https:\/\/medecinosteopathe.org\/es\/wp-json\/wp\/v2\/pages\/71577","targetHints":{"allow":["GET"]}}],"collection":[{"href":"https:\/\/medecinosteopathe.org\/es\/wp-json\/wp\/v2\/pages"}],"about":[{"href":"https:\/\/medecinosteopathe.org\/es\/wp-json\/wp\/v2\/types\/page"}],"author":[{"embeddable":true,"href":"https:\/\/medecinosteopathe.org\/es\/wp-json\/wp\/v2\/users\/1"}],"replies":[{"embeddable":true,"href":"https:\/\/medecinosteopathe.org\/es\/wp-json\/wp\/v2\/comments?post=71577"}],"version-history":[{"count":3,"href":"https:\/\/medecinosteopathe.org\/es\/wp-json\/wp\/v2\/pages\/71577\/revisions"}],"predecessor-version":[{"id":71673,"href":"https:\/\/medecinosteopathe.org\/es\/wp-json\/wp\/v2\/pages\/71577\/revisions\/71673"}],"wp:attachment":[{"href":"https:\/\/medecinosteopathe.org\/es\/wp-json\/wp\/v2\/media?parent=71577"}],"curies":[{"name":"wp","href":"https:\/\/api.w.org\/{rel}","templated":true}]}}