{"id":71585,"date":"2025-07-30T15:59:37","date_gmt":"2025-07-30T13:59:37","guid":{"rendered":"https:\/\/medecinosteopathe.org\/visitar-la-consulta\/"},"modified":"2025-08-19T01:30:34","modified_gmt":"2025-08-18T23:30:34","slug":"visitar-la-consulta","status":"publish","type":"page","link":"https:\/\/medecinosteopathe.org\/es\/visitar-la-consulta\/","title":{"rendered":"Visitar la consulta"},"content":{"rendered":"<p>[et_pb_section fb_built=\u00bb1&#8243; _builder_version=\u00bb4.27.4&#8243; _module_preset=\u00bbdefault\u00bb background_image=\u00bbhttps:\/\/medecinosteopathe.org\/wp-content\/uploads\/2025\/03\/bandeau-cabinet-osteopathie.jpg\u00bb global_colors_info=\u00bb{}\u00bb][et_pb_row _builder_version=\u00bb4.27.4&#8243; _module_preset=\u00bbdefault\u00bb background_color=\u00bbrgba(255,255,255,0.79)\u00bb background_image=\u00bbhttps:\/\/medecinosteopathe.org\/wp-content\/uploads\/2025\/03\/saas-landing-45-yrw-4.webp\u00bb global_colors_info=\u00bb{}\u00bb][et_pb_column type=\u00bb4_4&#8243; _builder_version=\u00bb4.27.4&#8243; _module_preset=\u00bbdefault\u00bb global_colors_info=\u00bb{}\u00bb][et_pb_text _builder_version=\u00bb4.27.4&#8243; _module_preset=\u00bbdefault\u00bb text_orientation=\u00bbcenter\u00bb global_colors_info=\u00bb{}\u00bb]<\/p>\n<h1>Fotos de la consulta de osteopat\u00eda de Hendaya<\/h1>\n<p>[\/et_pb_text][\/et_pb_column][\/et_pb_row][\/et_pb_section][et_pb_section fb_built=\u00bb1&#8243; _builder_version=\u00bb4.27.4&#8243; _module_preset=\u00bbdefault\u00bb global_colors_info=\u00bb{}\u00bb][et_pb_row _builder_version=\u00bb4.27.4&#8243; _module_preset=\u00bbdefault\u00bb global_colors_info=\u00bb{}\u00bb][et_pb_column type=\u00bb4_4&#8243; _builder_version=\u00bb4.27.4&#8243; _module_preset=\u00bbdefault\u00bb global_colors_info=\u00bb{}\u00bb][et_pb_text _builder_version=\u00bb4.27.4&#8243; _module_preset=\u00bbdefault\u00bb hover_enabled=\u00bb0&#8243; global_colors_info=\u00bb{}\u00bb sticky_enabled=\u00bb0&#8243;]<\/p>\n<h2>Las consultas de osteopat\u00eda se realizan en nuestra consulta de Hendaya.<\/h2>\n<p>La consulta ha sido completamente renovado. Se ha trasladado a la planta baja para poder atender mejor a los pacientes.<\/p>\n<p>El dise\u00f1o del consultorio es deliberadamente moderno y acogedor para que todos se sientan c\u00f3modos. As\u00ed comienza una buena consulta con el oste\u00f3pata.<\/p>\n<p><img decoding=\"async\" class=\"ngg_displayed_gallery mceItem\" src=\"http:\/\/medecinosteopathe.org\/nextgen-attach_to_post\/preview\/id--129\" alt=\"\"><\/p>\n<p>La consulta se encuentra frente al Carrefour Market de Hendaye-Ville cerca el cinema des Hendaya Es f\u00e1cil aparcar cerca del consultorio.<\/p>\n<p>Acc\u00e8s personnes \u00e0 mobilit\u00e9 r\u00e9duite<\/p>\n<p>[\/et_pb_text][et_pb_gallery gallery_ids=\u00bb66,64,65,62,63,57,56,54,52&#8243; gallery_orderby=\u00bbrand\u00bb posts_number=\u00bb10&#8243; show_title_and_caption=\u00bboff\u00bb show_pagination=\u00bboff\u00bb _builder_version=\u00bb4.27.4&#8243; _module_preset=\u00bbdefault\u00bb global_colors_info=\u00bb{}\u00bb][\/et_pb_gallery][\/et_pb_column][\/et_pb_row][\/et_pb_section]<\/p>\n","protected":false},"excerpt":{"rendered":"<p>Fotos de la consulta de osteopat\u00eda de HendayaLas consultas de osteopat\u00eda se realizan en nuestra consulta de Hendaya. La consulta ha sido completamente renovado. Se ha trasladado a la planta baja para poder atender mejor a los pacientes. El dise\u00f1o del consultorio es deliberadamente moderno y acogedor para que todos se sientan c\u00f3modos. As\u00ed comienza [&hellip;]<\/p>\n","protected":false},"author":1,"featured_media":0,"parent":0,"menu_order":0,"comment_status":"closed","ping_status":"closed","template":"","meta":{"_seopress_robots_primary_cat":"","_seopress_titles_title":"","_seopress_titles_desc":"","_seopress_robots_index":"","_et_pb_use_builder":"on","_et_pb_old_content":"","_et_gb_content_width":"","footnotes":""},"class_list":["post-71585","page","type-page","status-publish","hentry"],"_links":{"self":[{"href":"https:\/\/medecinosteopathe.org\/es\/wp-json\/wp\/v2\/pages\/71585","targetHints":{"allow":["GET"]}}],"collection":[{"href":"https:\/\/medecinosteopathe.org\/es\/wp-json\/wp\/v2\/pages"}],"about":[{"href":"https:\/\/medecinosteopathe.org\/es\/wp-json\/wp\/v2\/types\/page"}],"author":[{"embeddable":true,"href":"https:\/\/medecinosteopathe.org\/es\/wp-json\/wp\/v2\/users\/1"}],"replies":[{"embeddable":true,"href":"https:\/\/medecinosteopathe.org\/es\/wp-json\/wp\/v2\/comments?post=71585"}],"version-history":[{"count":2,"href":"https:\/\/medecinosteopathe.org\/es\/wp-json\/wp\/v2\/pages\/71585\/revisions"}],"predecessor-version":[{"id":71587,"href":"https:\/\/medecinosteopathe.org\/es\/wp-json\/wp\/v2\/pages\/71585\/revisions\/71587"}],"wp:attachment":[{"href":"https:\/\/medecinosteopathe.org\/es\/wp-json\/wp\/v2\/media?parent=71585"}],"curies":[{"name":"wp","href":"https:\/\/api.w.org\/{rel}","templated":true}]}}