{"id":71588,"date":"2025-07-30T18:04:58","date_gmt":"2025-07-30T16:04:58","guid":{"rendered":"https:\/\/medecinosteopathe.org\/menciones-legales\/"},"modified":"2025-08-19T01:46:10","modified_gmt":"2025-08-18T23:46:10","slug":"menciones-legales","status":"publish","type":"page","link":"https:\/\/medecinosteopathe.org\/es\/menciones-legales\/","title":{"rendered":"Menciones legales"},"content":{"rendered":"<p>[et_pb_section fb_built=\u00bb1&#8243; theme_builder_area=\u00bbpost_content\u00bb _builder_version=\u00bb4.27.4&#8243; _module_preset=\u00bbdefault\u00bb][et_pb_row _builder_version=\u00bb4.27.4&#8243; _module_preset=\u00bbdefault\u00bb theme_builder_area=\u00bbpost_content\u00bb][et_pb_column _builder_version=\u00bb4.27.4&#8243; _module_preset=\u00bbdefault\u00bb type=\u00bb4_4&#8243; theme_builder_area=\u00bbpost_content\u00bb][et_pb_text _builder_version=\u00bb4.27.4&#8243; _module_preset=\u00bbdefault\u00bb theme_builder_area=\u00bbpost_content\u00bb hover_enabled=\u00bb0&#8243; sticky_enabled=\u00bb0&#8243; text_line_height=\u00bb1.8em\u00bb]<\/p>\n<p>Esta traducci\u00f3n es autom\u00e1tica y puede contener errores. El documento original est\u00e1 en franc\u00e9s.<\/p>\n<p>Este sitio web pertenece al doctor Philippe Jouet<br \/>M\u00e9dico generalista instalado: 15 avenida les all\u00e9es en Hendaye<br \/>N.\u00ba de inscripci\u00f3n en el colegio: 64 1 03240 4<br \/>Tel.: + 33 5 59 20 40 33<br \/>Editor y responsable del tratamiento: Philippe Jouet<\/p>\n<p>Alojamiento: o2switch &#8211; Sitio web alojado en Francia<br \/>Contacto t\u00e9cnico: Sr. jouet . <a href=\"mailto:mjouet@lib-rdv.fr\">mjouet[at]lib-rdv.fr<\/a><\/p>\n<h3>COPYRIGHT<\/h3>\n<p>Todo este sitio web se rige por la legislaci\u00f3n francesa e internacional sobre derechos de autor y propiedad intelectual. Todos los derechos de reproducci\u00f3n est\u00e1n reservados. La reproducci\u00f3n de todo o parte de este sitio en cualquier soporte sea cual sea a21&gt; est\u00e1 formalmente prohibida salvo autorizaci\u00f3n expresa y previa del director de la publicaci\u00f3n. La reproducci\u00f3n de los textos de este sitio web en un soporte papel est\u00e1 autorizada, siempre que se respeten las siguientes condiciones : gratuidad de la difusi\u00f3n, respeto de la integridad de los documentos reproducidos: sin modificaciones ni alteraciones de ning\u00fan tipo, cita clara y legible de la fuente.   <\/p>\n<p>Cr\u00e9ditos Fotos<br \/>\u00a9Mjouet \/ P. Jouet \u00a9P. Chastagnon <\/p>\n<h2>CONDICIONES GENERALES DE USO DEL SERVICIO DE CITAS EN L\u00cdNEA<\/h2>\n<p>Al acceder al sitio web y beneficiarse del servicio, el Usuario reconoce haber le\u00eddo y comprendido la totalidad de las presentes Condiciones Generales de Uso y las acepta sin restricciones ni reservas.<\/p>\n<p><strong>Si el usuario no acepta estas condiciones, deber\u00e1 adejar de utilizar el Sitio web y renunciar a beneficiarse del Servicio ofrecido por el bufete.<\/strong><\/p>\n<p>El servicio ofrecido es poder visualizar las citas disponibles y poder reservar una cita en l\u00ednea para a9&gt; una consulta con el Dr. Jouet . Este servicio solo se ofrece para la actividad profesional de a18&gt; de m\u00e9dico oste\u00f3pata tal y como se declara ante el Consejo del Colegio de M\u00e9dicos. <\/p>\n<p>Este servicio de concertaci\u00f3n de citas en l\u00ednea se ofrece de forma gratuita a los usuarios.<\/p>\n<p>Cada cita concertada ser\u00e1 objeto de un correo electr\u00f3nico de confirmaci\u00f3n en el que se especificar\u00e1 la fecha, el lugar y la hora de la cita. Las citas concertadas ser\u00e1n ocultadas por completo a los dem\u00e1s usuarios. <\/p>\n<p><strong>Este sitio web no tiene por objetivo proporcionar informaci\u00f3n m\u00e9dica<\/strong>.<\/p>\n<h3>CREATION D&#8217;UN COMPTE<\/h3>\n<p>Este servicio no requiere la creaci\u00f3n de una cuenta de usuario. Para poder utilizar el servicio, el usuario deber\u00e1 facilitar sus datos personales (nombre, apellidos, correo electr\u00f3nico y n\u00famero de tel\u00e9fono) al concertar la cita. Estos datos se almacenar\u00e1n \u00fanicamente durante el tiempo necesario para concertar la cita y enviar un recordatorio el d\u00eda anterior a la misma.  <\/p>\n<p>El usuario podr\u00e1 eliminar o modificar su cita utilizando el enlace de cancelaci\u00f3n que aparece en su correo electr\u00f3nico de confirmaci\u00f3n. <\/p>\n<p>El Dr. Jouet se reserva la posibilidad de bloquear el acceso a la concertaci\u00f3n de citas en l\u00ednea a cualquier persona que no utilice el servicio de acuerdo con las normas de buena conducta que se indican a continuaci\u00f3n:<\/p>\n<ul>\n<li>uso il\u00edcito de datos de contacto<\/li>\n<li>uso con fines comerciales , il\u00edcitos o lucrativos<\/li>\n<li>incumplimiento de las citas concertadas de manera abusiva<\/li>\n<\/ul>\n<p>&nbsp;<\/p>\n<h2>TRATAMIENTO DE DATOS PERSONALES &#8211; CONFIDENCIALIDAD DE DATOS<\/h2>\n<p>La informaci\u00f3n recopilada de las personas a trav\u00e9s de los formularios de cita previa o mediante el env\u00edo de mensajes electr\u00f3nicos est\u00e1 destinada exclusivamente al uso de la cita previa en l\u00ednea para el Dr. Jouet. En ning\u00fan caso se comunica a terceros. <\/p>\n<p>El Dr. Jouet puede utilizar los datos personales recopilados en los formularios de cita previa para crear o actualizar la informaci\u00f3n de contacto en su software profesional.<\/p>\n<p>Estos datos son: el nombre, los apellidos, la fecha de nacimiento (necesario en caso de homonimia), el correo electr\u00f3nico, el tel\u00e9fono, la fecha de la cita, el tipo de cita concertada.<\/p>\n<p>En el caso de una adici\u00f3n del tipo \u00abMensaje\u00bb, se informa al usuario de que los mensajes no se leen en tiempo real y que no se trata de un medio para obtener informaci\u00f3n de car\u00e1cter m\u00e9dico. Se desaconseja encarecidamente incluir informaci\u00f3n de car\u00e1cter privado. El usuario es consciente de la falta de confidencialidad si utiliza este medio para comunicarse con el profesional.  <\/p>\n<h3>DROIT D&#8217;ACCES, SUPPRESSION, MODIFICATION<\/h3>\n<p>De conformidad con los art\u00edculos 39 y siguientes de la ley n.\u00ba 78-17, de 6 de enero de 1978, relativa a la inform\u00e1tica, los ficheros y las libertades, y la entrada en vigor, a partir del 28 de mayo de 2015, del RGPD (Reglamento General de Protecci\u00f3n de Datos), cualquier persona puede obtener comunicaci\u00f3n y, en su caso, rectificaci\u00f3n o supresi\u00f3n de la informaci\u00f3n que le concierne, dirigi\u00e9ndose a mjouet@lib-rdv.fr. Cualquier persona tambi\u00e9n puede, por motivos leg\u00edtimos, oponerse al tratamiento de los datos que le conciernen. No obstante, se le pedir\u00e1 que acredite su identidad para que la solicitud sea admisible.  <\/p>\n<h3>SECURISATION<\/h3>\n<p>La transferencia de datos entre el sitio y los navegadores de los usuarios est\u00e1 protegida por el https:\/\/ , literalmente \u00abprotocolo de transferencia hipertexto seguro\u00bb. La transferencia de datos entre el sitio web y la agenda del profesional est\u00e1 protegida por una identificaci\u00f3n \u00fanica cifrada de tipo ID Clientes Oauth 2.0 (clave \u00fanica y acceso \u00fanico protegido). <\/p>\n<p>El Dr. Jouet pone en marcha todos los medios para garantizar el acceso a los datos: contrase\u00f1as complejas, acceso a las agendas limitado por contrase\u00f1as, cierre de las sesiones en caso de ausencia. Las secretarias est\u00e1n informadas de estas disposiciones. <\/p>\n<h4>SOUS -TRAITANTS :<\/h4>\n<p>El editor de este sitio web recurre a los servicios de dos subcontratistas: OVH y lib-rdv . \u00c9l es el propietario del sitio web y responsable del contenido del sitio web a9&gt; sin embargo propietario del sitio y responsable del tratamiento de los datos. <\/p>\n<p><strong>o2Switch<\/strong>: El sitio web est\u00e1 alojado en ovh en un servidor compartido en Francia que garantiza el cumplimiento del RGPD: <a href=\"https:\/\/www.ovh.com\/fr\/protection-donnees-personnelles\/securite.xml\" target=\"_blank\" rel=\"noopener noreferrer\">o2switch y la protecci\u00f3n de los datos<\/a>.<\/p>\n<p><strong>Google Agenda<\/strong>: Se informa al usuario de que la concertaci\u00f3n de citas utiliza la API Google Calendar con el protocolo seguro <a href=\"https:\/\/developers.google.com\/identity\/protocols\/OAuth2?hl=fr\">OAuth 2.0<\/a> que limita la conexi\u00f3n de los datos a este \u00fanico sitio. La cuenta Google del profesional es una cuenta privada y protegida por contrase\u00f1a de pase compleja.  <a href=\"https:\/\/safety.google\/privacy\/\">Google y la protecci\u00f3n de datos. <\/a>Esto no afecta en absoluto a la cuenta personal del usuario: esta no est\u00e1 vinculada a la agenda.<\/p>\n<p><strong>LIB-RDV:<\/strong>lib-rdv es un proveedor de servicios de mantenimiento, copias de seguridad y actualizaciones del sitio web. En calidad de subcontratista, lib-rdv se compromete a tratar los datos personales con el \u00fanico fin de garantizar la correcta prestaci\u00f3n de los servicios. <\/p>\n<p>Este sitio web est\u00e1 asociado a Google Search Console con el fin de seguimiento del buen funcionamiento del sitio y de estad\u00edsticas. Estas aplicaciones no gestionan ning\u00fan dato personalizado. Todas ellas son totalmente an\u00f3nimas.  <\/p>\n<h3>DELAI DE CONSERVACI\u00d3N DE DATOS<\/h3>\n<p>Los datos personales se conservan durante el tiempo necesario para permitir el env\u00edo de notificaciones y recordatorios la v\u00edspera de la cita. A continuaci\u00f3n, se eliminan del back-office del sitio web. Se eliminar\u00e1n a m\u00e1s tardar un mes despu\u00e9s de la conciertaci\u00f3n de la cita.  <\/p>\n<p>Nota: Este periodo de conservaci\u00f3n no se aplica a los datos m\u00e9dicos de seguimiento del paciente, que no se encuentran en este sitio web y son tratados por los m\u00e9dicos en su software de seguimiento de pacientes, que tiene su propia pol\u00edtica de confidencialidad y no est\u00e1 vinculado en modo alguno a este sitio web.<\/p>\n<h3>COOKIES<\/h3>\n<p>Este sitio web no utiliza cookies con fines comerciales ni de marketing.<\/p>\n<p>Este sitio web utiliza cookies no personalizadas \u00fanicamente para permitir una navegaci\u00f3n optimizada en el sitio. Estas cookies tienen una vida \u00fatil muy corta, de unas pocas decenas de minutos despu\u00e9s de salir del sitio, o se eliminan cuando usted abandona el sitio. <\/p>\n<h2>CARTA DE CONFORMIDAD DEONTOL\u00d3GICA APLICABLE A SITIOS WEB PROFESIONALES DE M\u00c9DICOS<\/h2>\n<p>De conformidad con la recomendaci\u00f3n del Consejo de la Orden de M\u00e9dicos, a continuaci\u00f3n encontrar\u00e1 a continuaci\u00f3n la \u00ab<a href=\"https:\/\/www.conseil-national.medecin.fr\/sites\/default\/files\/charte_extrait_a_publier_sur_le_site_pro.pdf\" target=\"_blank\" rel=\"noopener noreferrer\"><strong>Carta aplicable a los sitios web profesionales de m\u00e9dicos<\/strong><\/a>\u00bb, que est\u00e1 reconocida por este sitio web.<\/p>\n<p>\u00abEl Consejo Nacional de la Orden de M\u00e9dicos invita a los internautas a mostrar un esp\u00edritu cr\u00edtico ante todas las publicaciones en l\u00ednea. La confianza que nuestros conciudadanos depositan en la informaci\u00f3n procedente del cuerpo m\u00e9dico debe, por lo tanto, respaldarse con especial atenci\u00f3n. Por este motivo, el CNOM ha solicitado a todos los m\u00e9dicos que publican su propio sitio web profesional que incluyan los siguientes puntos:  <\/p>\n<p>El internauta debe poder asegurarse de que el sitio web que publica informaci\u00f3n sobre salud es a7&gt; el de un m\u00e9dico, si se presenta como tal. El sitio web profesional del m\u00e9dico debe hacer aparecer, en la p\u00e1gina de inicio, un enlace con la secci\u00f3n Directorio de la p\u00e1gina web de la CNOM y un enlace hacia la p\u00e1gina dedicada en el sitio p\u00fablico del CNOM que muestra las publicaciones y recomendaciones del colegio profesional relativas a la deontolog\u00eda m\u00e9dica en la web. <br \/>El sitio web profesional del m\u00e9dico debe proporcionar informaci\u00f3n pr\u00e1ctica sobre la direcci\u00f3n, la especialidad, los t\u00edtulos reconocidos, el modo de ejercicio, los centros sanitarios en los que ejerce, los accesos y la situaci\u00f3n con respecto a los organismos de protecci\u00f3n social.<br \/>Cuando se publica informaci\u00f3n sobre salud en este sitio web, las explicaciones deben ser de car\u00e1cter puramente informativo sobre enfermedades, prevenci\u00f3n, tratamientos y t\u00e9cnicas utilizadas. El m\u00e9dico debe presentar de manera objetiva las ventajas y los posibles inconvenientes de los actos, prescripciones e intervenciones. Debe hacerlo de forma sencilla y did\u00e1ctica, e indicar, en su caso, sus fuentes y referencias. Esta informaci\u00f3n p\u00fablica puede complementar de manera \u00fatil la que se haya facilitado previamente a un paciente durante una consulta. En este caso, no puede tener por objeto sustituirla. Deben mencionarse las fechas de publicaci\u00f3n y\/o actualizaci\u00f3n. <br \/>Cuando el m\u00e9dico no pueda garantizar por s\u00ed mismo la actualizaci\u00f3n peri\u00f3dica de su sitio web profesional, el CNOM recomienda que la informaci\u00f3n se facilite preferentemente mediante la creaci\u00f3n de enlaces a sitios web de informaci\u00f3n para el p\u00fablico en general que no tengan ning\u00fan inter\u00e9s comercial. <br \/>Cuando el sitio web publique, a modo de ilustraci\u00f3n, im\u00e1genes o fotograf\u00edas, no debe ser posible identificar a las personas. Estos documentos no deben presentarse de forma que puedan dar a entender que se obtendr\u00e1 el resultado esperado, lo que constituir\u00eda un enga\u00f1o, independientemente del \u00e1mbito m\u00e9dico o quir\u00fargico de que se trate. <br \/>El sitio web no debe hacer publicidad, ni directa ni indirecta, del m\u00e9dico1 ni de las organizaciones a las que preste su colaboraci\u00f3n.<br \/>El sitio web profesional del m\u00e9dico debe respetar estrictamente la confidencialidad de los datos<br \/>personales recopilados. <br \/>El m\u00e9dico debe declarar en este sitio web sus v\u00ednculos de inter\u00e9s con cualquier empresa relacionada con el \u00e1mbito de la salud y la asistencia sanitaria. En su caso, debe especificar la financiaci\u00f3n del sitio web y su mantenimiento.       <\/p>\n<h3>ENLACES<\/h3>\n<p>Este sitio web cumple los requisitos del <a href=\"https:\/\/www.conseil-national.medecin.fr\/annuaire\" target=\"_blank\" rel=\"noopener noreferrer\">Consejo de la Orden de M\u00e9dicos<\/a><br \/><a href=\"https:\/\/www.conseil-national.medecin.fr\/annuaire\" target=\"_blank\" rel=\"noopener noreferrer\">Annuario<\/a><\/p>\n<h2>ENLACES HIPERTEXTO<\/h2>\n<p>Las p\u00e1ginas de este sitio web pueden contener enlaces a otros sitios web o hacer referencia a otros sitios web. Estos enlaces se proporcionan \u00fanicamente para comodidad del usuario. Su activaci\u00f3n es responsabilidad exclusiva del usuario. <br \/>La creaci\u00f3n de un enlace hipertextual hacia el sitio web medcinosteopathe.org no requiere la autorizaci\u00f3n previa y por escrito del Dr. Jouet. No obstante, se le debe informar en un plazo m\u00e1ximo de 10 d\u00edas tras la creaci\u00f3n del enlace.   <\/p>\n<p>En todos los casos, la Dra. Jouet no se hace responsable en ning\u00fan caso del contenido ni de los productos o servicios ofrecidos en los sitios a los que este sitio estar\u00eda vinculado por enlaces hipertexto o cualquier otro tipo de enlace.<\/p>\n<p>[\/et_pb_text][\/et_pb_column][\/et_pb_row][\/et_pb_section]<\/p>\n","protected":false},"excerpt":{"rendered":"<p>Esta traducci\u00f3n es autom\u00e1tica y puede contener errores. El documento original est\u00e1 en franc\u00e9s.Este sitio web pertenece al doctor Philippe JouetM\u00e9dico generalista instalado: 15 avenida les all\u00e9es en HendayeN.\u00ba de inscripci\u00f3n en el colegio: 64 1 03240 4Tel.: + 33 5 59 20 40 33Editor y responsable del tratamiento: Philippe Jouet Alojamiento: o2switch &#8211; Sitio [&hellip;]<\/p>\n","protected":false},"author":1,"featured_media":0,"parent":0,"menu_order":0,"comment_status":"closed","ping_status":"closed","template":"","meta":{"_seopress_robots_primary_cat":"","_seopress_titles_title":"","_seopress_titles_desc":"","_seopress_robots_index":"","_et_pb_use_builder":"on","_et_pb_old_content":"","_et_gb_content_width":"","footnotes":""},"class_list":["post-71588","page","type-page","status-publish","hentry"],"_links":{"self":[{"href":"https:\/\/medecinosteopathe.org\/es\/wp-json\/wp\/v2\/pages\/71588","targetHints":{"allow":["GET"]}}],"collection":[{"href":"https:\/\/medecinosteopathe.org\/es\/wp-json\/wp\/v2\/pages"}],"about":[{"href":"https:\/\/medecinosteopathe.org\/es\/wp-json\/wp\/v2\/types\/page"}],"author":[{"embeddable":true,"href":"https:\/\/medecinosteopathe.org\/es\/wp-json\/wp\/v2\/users\/1"}],"replies":[{"embeddable":true,"href":"https:\/\/medecinosteopathe.org\/es\/wp-json\/wp\/v2\/comments?post=71588"}],"version-history":[{"count":2,"href":"https:\/\/medecinosteopathe.org\/es\/wp-json\/wp\/v2\/pages\/71588\/revisions"}],"predecessor-version":[{"id":71590,"href":"https:\/\/medecinosteopathe.org\/es\/wp-json\/wp\/v2\/pages\/71588\/revisions\/71590"}],"wp:attachment":[{"href":"https:\/\/medecinosteopathe.org\/es\/wp-json\/wp\/v2\/media?parent=71588"}],"curies":[{"name":"wp","href":"https:\/\/api.w.org\/{rel}","templated":true}]}}